{"id":326,"date":"2017-08-11T09:35:49","date_gmt":"2017-08-11T09:35:49","guid":{"rendered":"http:\/\/www.kreisfeuerwehrverband-oberberg.de\/?page_id=326"},"modified":"2025-07-17T14:29:19","modified_gmt":"2025-07-17T14:29:19","slug":"start","status":"publish","type":"page","link":"https:\/\/www.kreisfeuerwehrverband-oberberg.de\/","title":{"rendered":"Start"},"content":{"rendered":"\n\n\tLiebe Besucherinnen und Besucher,<br \/>\nliebe Kameradinnen und Kameraden,\n<p>ich begr\u00fc\u00dfe Sie herzlich auf der Website des Kreisfeuerwehrverbands Oberbergischer Kreis!<\/p>\n<p><strong>Feuerwehr &#8211; mehr als Einsatzfahrzeuge und Blaulicht<\/strong><\/p>\n<p>Die Freiwilligen Feuerwehren im Oberbergischen Kreis stehen rund um die Uhr bereit, um Leben zu retten, Sachwerte zu sch\u00fctzen und Hilfe zu leisten &#8211; bei Br\u00e4nden, Verkehrsunf\u00e4llen, Unwettern oder anderen Notlagen. Doch Feuerwehr bedeutet noch viel mehr: Ausbildung, Nachwuchsf\u00f6rderung, Kameradschaft und Verantwortung f\u00fcr die Gemeinschaft.<\/p>\n<p><strong>Ein Verband mit Verantwortung &#8211; und Vision<\/strong><\/p>\n<p>Der Kreisfeuerwehrverband unterst\u00fctzt die Feuerwehren in ihrer t\u00e4glichen Arbeit, organisiert Aus- und Fortbildungen, vertritt ihre Interessen gegen\u00fcber Politik und Verwaltung und f\u00f6rdert den Austausch untereinander. Dabei behalten wir nicht nur die aktuellen Herausforderungen im Blick &#8211; wie etwa Vegetationsbr\u00e4nde, Digitalisierung oder den demografischen Wandel &#8211; sondern entwickeln auch neue Ideen f\u00fcr eine zukunftsf\u00e4hige Gefahrenabwehr.<\/p>\n<p><strong>Gesellschaftliches Engagement sichtbar machen<\/strong><\/p>\n<p>Diese Website soll nicht nur f\u00fcr Feuerwehrangeh\u00f6rige da sein. Sie richtet sich auch an alle, die sich f\u00fcr unsere Arbeit interessieren, die sich einbringen wollen oder einfach mehr \u00fcber das erfahren m\u00f6chten, was tagt\u00e4glich &#8211; oft im Verborgenen &#8211; f\u00fcr unsere Sicherheit geleistet wird. Ich lade Sie herzlich ein: Informieren Sie sich, stellen Sie Fragen, machen Sie mit &#8211; als Mitglied, F\u00f6rderer oder Unterst\u00fctzer.<\/p>\n<p><strong>Mein Dank gilt allen, die mitwirken<\/strong><\/p>\n<p>Ob aktiv im Einsatz, in der Jugendfeuerwehr, in den Musikz\u00fcgen, als Ausbilderin oder Ger\u00e4tewart, in der Verbandsarbeit oder der Ehrenabteilung &#8211; jede und jeder Einzelne leistet einen wichtigen Beitrag f\u00fcr unsere Sicherheit und unser Gemeinwesen. Daf\u00fcr danke ich Ihnen allen sehr herzlich.<\/p>\n<p>Ich freue mich auf den weiteren Austausch mit Ihnen &#8211; online wie offline, in der Einsatzpraxis und in der \u00d6ffentlichkeit.<\/p>\nHerzlichst<br \/>\n<strong>Julian Seeger<\/strong><br \/>\nKreisbrandmeister &amp; 1. Vorsitzender<br \/>\nKreisfeuerwehrverband Oberbergischer Kreis\n\t<h3><em>Rauchmelder<\/em><\/h3>\n\t\t\t\t<img loading=\"lazy\" decoding=\"async\" src=\"https:\/\/www.kreisfeuerwehrverband-oberberg.de\/wp-content\/uploads\/2017\/08\/360x180-2.png\" alt=\"360x180-2\" itemprop=\"image\" height=\"180\" width=\"360\" title=\"360x180-2\" onerror=\"this.style.display='none'\"  \/>\n\tBrandversuche haben gezeigt, dass Personen ca. vier Minuten Zeit bleibt, eine brennende Wohnung zu verlassen.<br \/>\nRauchmelder, ob teuer oder billig, warnen Sie bereits eine Minute nach dem Brandausbruch und verschaffen ihnen somit den n\u00f6tigen Vorsprung, um sich in Sicherheit zu bringen.\n\t<h3><em>Notrufe absetzen<\/em><\/h3>\n\t\t\t\t<img loading=\"lazy\" decoding=\"async\" src=\"https:\/\/www.kreisfeuerwehrverband-oberberg.de\/wp-content\/uploads\/2017\/08\/360x180-1.png\" alt=\"360x180-1\" itemprop=\"image\" height=\"180\" width=\"360\" title=\"360x180-1\" onerror=\"this.style.display='none'\"  \/>\n\t<p>Allgemein ist bekannt, dass Unf\u00e4lle oder Br\u00e4nde beim Notruf 112 gemeldet werden. Doch nicht nur in diesen F\u00e4llen steht Ihnen diese Rufnummer rund um die Uhr zur Verf\u00fcgung.<\/p>\n\t<h3><em>Ersthelfer sein&#8230;<\/em><\/h3>\n\t\t\t\t<img loading=\"lazy\" decoding=\"async\" src=\"https:\/\/www.kreisfeuerwehrverband-oberberg.de\/wp-content\/uploads\/2017\/08\/360x180-3.png\" alt=\"360x180-3\" itemprop=\"image\" height=\"180\" width=\"360\" title=\"360x180-3\" onerror=\"this.style.display='none'\"  \/>\n\tWie wichtig es ist, immer die Grundkenntnisse der Ersten Hilfe zu k\u00f6nnen, wei\u00df man sp\u00e4testens, wenn man in eine Situation kommt,<br \/>\nin der man helfen muss oder in der einem selbst geholfen werden soll.\n\t<p><strong><a class=\"maxbutton-1 maxbutton maxbutton-mehr\" href=\"https:\/\/www.kreisfeuerwehrverband-oberberg.de\/?page_id=352\"><span class='mb-text'>Mehr...<\/span><\/a><\/strong><\/p>\n\t<p><strong><a class=\"maxbutton-1 maxbutton maxbutton-mehr\" href=\"https:\/\/www.kreisfeuerwehrverband-oberberg.de\/?page_id=352\"><span class='mb-text'>Mehr...<\/span><\/a><\/strong><\/p>\n\t<p><strong><a class=\"maxbutton-1 maxbutton maxbutton-mehr\" href=\"https:\/\/www.kreisfeuerwehrverband-oberberg.de\/?page_id=352\"><span class='mb-text'>Mehr...<\/span><\/a><\/strong><\/p>\n\n","protected":false},"excerpt":{"rendered":"<p>Liebe Besucherinnen und Besucher, liebe Kameradinnen und Kameraden, ich begr\u00fc\u00dfe Sie herzlich auf der Website des Kreisfeuerwehrverbands Oberbergischer Kreis! Feuerwehr &#8211; mehr als Einsatzfahrzeuge und Blaulicht Die Freiwilligen Feuerwehren im Oberbergischen Kreis stehen rund um die Uhr bereit, um Leben&hellip; <\/p>\n","protected":false},"author":3,"featured_media":0,"parent":0,"menu_order":0,"comment_status":"closed","ping_status":"closed","template":"","meta":{"footnotes":""},"class_list":["post-326","page","type-page","status-publish","hentry"],"_links":{"self":[{"href":"https:\/\/www.kreisfeuerwehrverband-oberberg.de\/index.php?rest_route=\/wp\/v2\/pages\/326","targetHints":{"allow":["GET"]}}],"collection":[{"href":"https:\/\/www.kreisfeuerwehrverband-oberberg.de\/index.php?rest_route=\/wp\/v2\/pages"}],"about":[{"href":"https:\/\/www.kreisfeuerwehrverband-oberberg.de\/index.php?rest_route=\/wp\/v2\/types\/page"}],"author":[{"embeddable":true,"href":"https:\/\/www.kreisfeuerwehrverband-oberberg.de\/index.php?rest_route=\/wp\/v2\/users\/3"}],"replies":[{"embeddable":true,"href":"https:\/\/www.kreisfeuerwehrverband-oberberg.de\/index.php?rest_route=%2Fwp%2Fv2%2Fcomments&post=326"}],"version-history":[{"count":14,"href":"https:\/\/www.kreisfeuerwehrverband-oberberg.de\/index.php?rest_route=\/wp\/v2\/pages\/326\/revisions"}],"predecessor-version":[{"id":3012,"href":"https:\/\/www.kreisfeuerwehrverband-oberberg.de\/index.php?rest_route=\/wp\/v2\/pages\/326\/revisions\/3012"}],"wp:attachment":[{"href":"https:\/\/www.kreisfeuerwehrverband-oberberg.de\/index.php?rest_route=%2Fwp%2Fv2%2Fmedia&parent=326"}],"curies":[{"name":"wp","href":"https:\/\/api.w.org\/{rel}","templated":true}]}}