{"id":344,"date":"2017-08-12T07:22:56","date_gmt":"2017-08-12T07:22:56","guid":{"rendered":"http:\/\/www.kreisfeuerwehrverband-oberberg.de\/?page_id=344"},"modified":"2018-01-07T09:02:28","modified_gmt":"2018-01-07T09:02:28","slug":"feuer-rettungsleitstelle","status":"publish","type":"page","link":"https:\/\/www.kreisfeuerwehrverband-oberberg.de\/?page_id=344","title":{"rendered":"Feuer- &#038; Rettungsleitstelle"},"content":{"rendered":"<p>Der Oberbergische Kreis unterh\u00e4lt eine st\u00e4ndig besetzte Feuer- und Rettungsleitstelle f\u00fcr den Feuerschutz und Rettungsdienst.\u00a0<\/p>\n<p>Alle Eins\u00e4tze der Feuerwehren und des Rettungsdienstes des Oberbergischen Kreises werden zentral \u00fcber die Notrufnummer 112 entgegengenommen und von dieser koordiniert. Desweiteren nimmt die Feuer- und Rettungsleitstelle auch die bundeseinheitliche Rufnummer f\u00fcr Krankentransportwagen (KTW) 19222 entgegen.<\/p>\n<p>Alle ein- und ausgehenden Gespr\u00e4che (Notrufe, Krankenwagenbestellungen, Funk, diverse Direktleitungen) werden \u00fcber die Leitstelle abgewickelt.<\/p>\n<p>Die Disponenten der Feuer- und Rettungsleitstelle sind alle ausgebildete Feuerwehrbeamte mit der abgeschlossenen Ausbildung BmD(F) (F\u00fchrungslehrgang f\u00fcr den mittleren feuerwehrtechnischen Dienst). Sie alle sind gepr\u00fcfte Hauptbrandmeister und Rettungsassistenten (gem. RettG) und besitzen Diensterfahrung im Feuerwehr-Einsatzdienst sowie Rettungsdienst.<\/p>\n","protected":false},"excerpt":{"rendered":"<p>Der Oberbergische Kreis unterh\u00e4lt eine st\u00e4ndig besetzte Feuer- und Rettungsleitstelle f\u00fcr den Feuerschutz und Rettungsdienst.\u00a0 Alle Eins\u00e4tze der Feuerwehren und des Rettungsdienstes des Oberbergischen Kreises werden zentral \u00fcber die Notrufnummer 112 entgegengenommen und von dieser koordiniert. Desweiteren nimmt die Feuer-&hellip; <\/p>\n","protected":false},"author":3,"featured_media":0,"parent":0,"menu_order":0,"comment_status":"closed","ping_status":"closed","template":"","meta":{"footnotes":""},"class_list":["post-344","page","type-page","status-publish","hentry"],"_links":{"self":[{"href":"https:\/\/www.kreisfeuerwehrverband-oberberg.de\/index.php?rest_route=\/wp\/v2\/pages\/344","targetHints":{"allow":["GET"]}}],"collection":[{"href":"https:\/\/www.kreisfeuerwehrverband-oberberg.de\/index.php?rest_route=\/wp\/v2\/pages"}],"about":[{"href":"https:\/\/www.kreisfeuerwehrverband-oberberg.de\/index.php?rest_route=\/wp\/v2\/types\/page"}],"author":[{"embeddable":true,"href":"https:\/\/www.kreisfeuerwehrverband-oberberg.de\/index.php?rest_route=\/wp\/v2\/users\/3"}],"replies":[{"embeddable":true,"href":"https:\/\/www.kreisfeuerwehrverband-oberberg.de\/index.php?rest_route=%2Fwp%2Fv2%2Fcomments&post=344"}],"version-history":[{"count":3,"href":"https:\/\/www.kreisfeuerwehrverband-oberberg.de\/index.php?rest_route=\/wp\/v2\/pages\/344\/revisions"}],"predecessor-version":[{"id":723,"href":"https:\/\/www.kreisfeuerwehrverband-oberberg.de\/index.php?rest_route=\/wp\/v2\/pages\/344\/revisions\/723"}],"wp:attachment":[{"href":"https:\/\/www.kreisfeuerwehrverband-oberberg.de\/index.php?rest_route=%2Fwp%2Fv2%2Fmedia&parent=344"}],"curies":[{"name":"wp","href":"https:\/\/api.w.org\/{rel}","templated":true}]}}