{"id":385,"date":"2017-09-24T06:36:19","date_gmt":"2017-09-24T06:36:19","guid":{"rendered":"http:\/\/www.kreisfeuerwehrverband-oberberg.de\/?page_id=385"},"modified":"2019-08-16T15:01:32","modified_gmt":"2019-08-16T15:01:32","slug":"einsatzkomponente-gw-mess","status":"publish","type":"page","link":"https:\/\/www.kreisfeuerwehrverband-oberberg.de\/?page_id=385","title":{"rendered":"Einsatzkomponente &#8211; Messzug"},"content":{"rendered":"\n\tDer Messzug des Oberbergischen Kreises setzt sich aus mehreren Sonderfahrzeugen zusammen. Diese sind \u00fcber den kompletten Kreis verteilt. Das hat haupts\u00e4chlich zwei Gr\u00fcnde:\n\t<ul>\n<li>Sicherstellung der ausreichenden Einsatzbereitschaft der einzelnen Wehren, da diese durch die Fahrzeugaufteilung nur eine geringe Personalst\u00e4rke stellen m\u00fcssen und so die kommunale Gefahrenabwehr gew\u00e4hrleisten<\/li>\n<\/ul>\n\t<ul>\n<li>Schnelleres Erreichen des Einsatzortes durch Fahrzeugstandorte in allen Teilen des Kreises<\/li>\n<\/ul>\n\tDie Fahrzeuge werden von speziell ausgebildeten Einsatzkr\u00e4ften besetzt, die sich neben ihrer Grundausbildung mit Fachausbildungen spezialisiert haben. Dieses geschieht teilweise auf Gemeindeebene, Kreisebene oder am Institut der Feuerwehr in M\u00fcnster.\nZum Einsatz kann der Messzug durch den \u00f6rtlichen Einsatzleiter alarmiert werden. Der h\u00e4ufigste Grund einer Alarmierung sind Schadstoffmessungen in der Luft bei Gro\u00dfbr\u00e4nden. Daf\u00fcr stehen den Einsatzkr\u00e4ften die unterschiedlichsten Messverfahren zur Verf\u00fcgung.\nUm f\u00fcr jedes Szenario die richtigen Kr\u00e4fte Alarmieren zu k\u00f6nnen, wurden Alarmstichworte festgelegt:\n\t<h3 align=\"left\"><em><strong>Messen 1<\/strong><\/em><\/h3>\n1 ABC-Erkunder (ABC-ErkKW)\noder\n1 Ger\u00e4tewagen Messtechnik (GW-Mess)\n\t<h3 align=\"left\"><em><strong>Messen 2<\/strong><\/em><\/h3>\n1 ABC-Erkunder (ABC-ErkKW)\n1 Ger\u00e4tewagen Messtechnik (GW-Mess)\n1 Mannschaftstransportfahrzeug (MTF)\n1 Fachberater ABC\nMesszugf\u00fchrung\n\t<h3 align=\"left\"><em><strong>Messen 3<\/strong><\/em><\/h3>\n2 ABC-Erkunder (ABC-ErkKW)\n2 Ger\u00e4tewagen Messtechnik (GW-Mess)\n1 ELW (Einsatzleitwagen; FF Wiehl)\n1 Fachberater ABC\ndiverse Mannschaftstransportfahrzeuge (MTF)\nMesszugf\u00fchrzung\nMessleitung\n\t<h4 align=\"left\">Im einzelnen setzt sich der Messzug aus folgenden Fahrzeugen zusammen<\/h4>\n\t<ul>\n\t\t<li><h3>Ger\u00e4tewagen Messtechnik\t<\/h3 ><p>Freiwillige Feuerwehr Gummersbach<br \/>L\u00f6schgruppe Brunohl<\/li><li><h3>Ger\u00e4tewagen Messtechnik<\/h3 >Freiwillige Feuerwehr Marienheide<br \/>L\u00f6schzug Marienheide<\/li><li><h3>ABC-Erkundungskraftwagen (BUND)<\/h3 >Freiwillige Feuerwehr Lindlar<br \/>L\u00f6schgruppe Remshagen<\/li><li><h3>ABC-Erkundungskraftwagen (Land NRW)<\/h3 >Freiwillige Feuerwehr Radevormwald<br \/> L\u00f6schzug Radevormwald<\/p><\/li><li><h3>ELW 1<\/h3 >Freiwillige Feuerwehr Wiehl<br \/>\n\t\t\t\t\t\t\tL\u00f6schzug Bomig\n<\/li>\t<\/ul>\n\t<h4 align=\"left\"><em>Bei allen Eins\u00e4tzen wird der Kreisbrandmeister mitalarmiert. <\/em><em>Da unsere Spezialisten nicht nur im Oberbergischen Kreis eingesetzt werden k\u00f6nnen, gibt es auch f\u00fcr diesen Fall spezielle Einsatzkonzepte.<\/em><\/h4>\n\tF\u00fcr das Alarmstichwort Messen 3 stehen noch Manschaftstransportfahrzeuge der Feuerwehr Gummersbach L\u00f6schgruppe Brunohl und L\u00f6schzug Dieringhausen, der Feuerwehr Lindlar L\u00f6schgruppe Remshagen sowie der Feuerwehr Radevormwald L\u00f6schgruppe Herbeck zur Verf\u00fcgung.\n","protected":false},"excerpt":{"rendered":"<p>Der Messzug des Oberbergischen Kreises setzt sich aus mehreren Sonderfahrzeugen zusammen. Diese sind \u00fcber den kompletten Kreis verteilt. Das hat haupts\u00e4chlich zwei Gr\u00fcnde: Sicherstellung der ausreichenden Einsatzbereitschaft der einzelnen Wehren, da diese durch die Fahrzeugaufteilung nur eine geringe Personalst\u00e4rke stellen&hellip; <\/p>\n","protected":false},"author":3,"featured_media":0,"parent":0,"menu_order":0,"comment_status":"closed","ping_status":"closed","template":"","meta":{"footnotes":""},"class_list":["post-385","page","type-page","status-publish","hentry"],"_links":{"self":[{"href":"https:\/\/www.kreisfeuerwehrverband-oberberg.de\/index.php?rest_route=\/wp\/v2\/pages\/385","targetHints":{"allow":["GET"]}}],"collection":[{"href":"https:\/\/www.kreisfeuerwehrverband-oberberg.de\/index.php?rest_route=\/wp\/v2\/pages"}],"about":[{"href":"https:\/\/www.kreisfeuerwehrverband-oberberg.de\/index.php?rest_route=\/wp\/v2\/types\/page"}],"author":[{"embeddable":true,"href":"https:\/\/www.kreisfeuerwehrverband-oberberg.de\/index.php?rest_route=\/wp\/v2\/users\/3"}],"replies":[{"embeddable":true,"href":"https:\/\/www.kreisfeuerwehrverband-oberberg.de\/index.php?rest_route=%2Fwp%2Fv2%2Fcomments&post=385"}],"version-history":[{"count":11,"href":"https:\/\/www.kreisfeuerwehrverband-oberberg.de\/index.php?rest_route=\/wp\/v2\/pages\/385\/revisions"}],"predecessor-version":[{"id":1678,"href":"https:\/\/www.kreisfeuerwehrverband-oberberg.de\/index.php?rest_route=\/wp\/v2\/pages\/385\/revisions\/1678"}],"wp:attachment":[{"href":"https:\/\/www.kreisfeuerwehrverband-oberberg.de\/index.php?rest_route=%2Fwp%2Fv2%2Fmedia&parent=385"}],"curies":[{"name":"wp","href":"https:\/\/api.w.org\/{rel}","templated":true}]}}