{"id":387,"date":"2017-09-24T05:43:36","date_gmt":"2017-09-24T05:43:36","guid":{"rendered":"http:\/\/www.kreisfeuerwehrverband-oberberg.de\/?page_id=387"},"modified":"2018-01-07T09:04:59","modified_gmt":"2018-01-07T09:04:59","slug":"einsatzkomponente-ab-atemschutz","status":"publish","type":"page","link":"https:\/\/www.kreisfeuerwehrverband-oberberg.de\/?page_id=387","title":{"rendered":"Einsatzkomponente &#8211; AB Atemschutz"},"content":{"rendered":"<p>Die Atemschutzreserve ist die am h\u00e4ufigsten alarmierte Einsatzkomponente im Oberbergischen Kreis.<br \/>\nFast immer bei gr\u00f6\u00dferen Brandeins\u00e4tze dabei, um die Versorgung der Einsatzkr\u00e4fte mit Atemschutzger\u00e4ten sicherzustellen.<\/p>\n<p align=\"left\">Entweder fordert der Einsatzleiter vor Ort die Einsatzkomponente an, oder ab dem Einsatzstichwort Feuer 4 wird automatisch alarmiert.<\/p>\n<p align=\"left\">Ausgestattet ist der Abrollbeh\u00e4lter- Atemschutz mit 50 Atemschutz-Ger\u00e4ten ( PA ), 30 Filter,8 Chemikalienschutzanz\u00fcge ( CSA ), 4 Trainingsanz\u00fcge, 1 Beleuchtungsger\u00e4t ( Power Moon ) sowie 1 Notstromaggregat um eigenst\u00e4ndig arbeiten zu k\u00f6nnen.<\/p>\n<p align=\"left\">\n\t\t\t\t<img loading=\"lazy\" decoding=\"async\" src=\"https:\/\/www.kreisfeuerwehrverband-oberberg.de\/wp-content\/uploads\/2017\/09\/AB-A.jpg\" alt=\"AB-A\" itemprop=\"image\" height=\"480\" width=\"722\"  \/><\/p>\n<p align=\"left\">F\u00fcr den Transport von benutzten Materialien f\u00e4hrt immer der Ger\u00e4tewagen Logistik mit, um die verschmutzten Ger\u00e4te zu transportieren.<\/p>\n<p align=\"left\">Das Personal wird\u00a0sowohl vom Notfallzentrum ( NFZ ) als auch von Angeh\u00f6rigen der Freiwilligen Feuerwehr \u00a0gestellt. Au\u00dferhalb ihrer regul\u00e4ren Arbeitszeit haben die Mitarbeiter einen Funkmeldeempf\u00e4nger ( FME ), welcher beim Alarm ausgel\u00f6st wird.<\/p>\n<p align=\"left\">Der Abrollbeh\u00e4lter wird von einem MAN Tr\u00e4gerfahrzeug transportiert. Um an der Einsatzstelle den Container abzusatteln und arbeiten zu k\u00f6nnen wird eine Fl\u00e4che von 25 Meter L\u00e4nge und 10 Meter Breite.<\/p>\n<p>\t\t\t\t\t\t    \t\t\t\t\t\t\t\t\t\t\t\t<img decoding=\"async\" src=\"https:\/\/www.kreisfeuerwehrverband-oberberg.de\/wp-content\/uploads\/2017\/09\/P8035901.jpg\" ><br \/>\n\t\t\t\t\t\t    \t\t\t\t\t\t\t\t\t\t\t\t<img decoding=\"async\" src=\"https:\/\/www.kreisfeuerwehrverband-oberberg.de\/wp-content\/uploads\/2017\/09\/P8035895.jpg\" ><br \/>\n\t\t\t\t\t\t    \t\t\t\t\t\t\t\t\t\t\t\t<img decoding=\"async\" src=\"https:\/\/www.kreisfeuerwehrverband-oberberg.de\/wp-content\/uploads\/2017\/09\/P8035898.jpg\" ><br \/>\n\t\t\t\t\t\t\t\t\t<!--bxslider--><br \/>\n\t\t\t\t\t<!--njba-slider-body--><br \/>\n\t<!--njba-slider-main--><\/p>\n","protected":false},"excerpt":{"rendered":"<p>Die Atemschutzreserve ist die am h\u00e4ufigsten alarmierte Einsatzkomponente im Oberbergischen Kreis. Fast immer bei gr\u00f6\u00dferen Brandeins\u00e4tze dabei, um die Versorgung der Einsatzkr\u00e4fte mit Atemschutzger\u00e4ten sicherzustellen. Entweder fordert der Einsatzleiter vor Ort die Einsatzkomponente an, oder ab dem Einsatzstichwort Feuer 4&hellip; <\/p>\n","protected":false},"author":3,"featured_media":0,"parent":0,"menu_order":0,"comment_status":"closed","ping_status":"closed","template":"","meta":{"footnotes":""},"class_list":["post-387","page","type-page","status-publish","hentry"],"_links":{"self":[{"href":"https:\/\/www.kreisfeuerwehrverband-oberberg.de\/index.php?rest_route=\/wp\/v2\/pages\/387","targetHints":{"allow":["GET"]}}],"collection":[{"href":"https:\/\/www.kreisfeuerwehrverband-oberberg.de\/index.php?rest_route=\/wp\/v2\/pages"}],"about":[{"href":"https:\/\/www.kreisfeuerwehrverband-oberberg.de\/index.php?rest_route=\/wp\/v2\/types\/page"}],"author":[{"embeddable":true,"href":"https:\/\/www.kreisfeuerwehrverband-oberberg.de\/index.php?rest_route=\/wp\/v2\/users\/3"}],"replies":[{"embeddable":true,"href":"https:\/\/www.kreisfeuerwehrverband-oberberg.de\/index.php?rest_route=%2Fwp%2Fv2%2Fcomments&post=387"}],"version-history":[{"count":4,"href":"https:\/\/www.kreisfeuerwehrverband-oberberg.de\/index.php?rest_route=\/wp\/v2\/pages\/387\/revisions"}],"predecessor-version":[{"id":724,"href":"https:\/\/www.kreisfeuerwehrverband-oberberg.de\/index.php?rest_route=\/wp\/v2\/pages\/387\/revisions\/724"}],"wp:attachment":[{"href":"https:\/\/www.kreisfeuerwehrverband-oberberg.de\/index.php?rest_route=%2Fwp%2Fv2%2Fmedia&parent=387"}],"curies":[{"name":"wp","href":"https:\/\/api.w.org\/{rel}","templated":true}]}}