{"id":389,"date":"2017-09-24T05:43:55","date_gmt":"2017-09-24T05:43:55","guid":{"rendered":"http:\/\/www.kreisfeuerwehrverband-oberberg.de\/?page_id=389"},"modified":"2018-11-13T23:53:10","modified_gmt":"2018-11-13T23:53:10","slug":"einsatzkomponente-ab-dekon-p","status":"publish","type":"page","link":"https:\/\/www.kreisfeuerwehrverband-oberberg.de\/?page_id=389","title":{"rendered":"Einsatzkomponente &#8211; Dekon Einheit"},"content":{"rendered":"<p align=\"left\">Die Einsatzkomponente Dekon setzt sich aus mehreren Einheiten aus dem kompletten Kreisgebiet zusammen. Im Einsatzfall fahren sie alle von ihren Standorten aus zur Einsatzstelle.<\/p>\n<p align=\"left\">Damit nicht eine Feuerwehr alleine diese personalintensive Sonderaufgabe stemmen muss, wurden die Aufgaben im Kreisgebiet verteilt. So ist der kommunale Grundschutz immer sichergestellt.<\/p>\n<p align=\"left\">Da die T\u00e4tigkeit in dieser Einheit sehr anspruchsvoll ist, haben sich die Kameraden neben ihrer normalen Arbeit in den Einheiten auf diversen Lehrg\u00e4ngen Aus- und Fortgebildet. Dieses geschieht teilweise auf Kreisebene (ABC 1) als auch auf Landesebene am Institut der Feuerwehren in M\u00fcnster.<\/p>\n<p align=\"left\">Sollte die Dekon- Einheit alarmiert werden, unterscheiden wir in diversen Einsatzstichw\u00f6rtern. Das bedeutet das nicht alle auf einmal los fahren, wenn nur ein Teil gebraucht wird.<\/p>\n<p align=\"left\">Wenn im Einsatz 2-4 Trupps unter Chemikalienschutzanzug ( CSA ) eingesetzt werden, wird nach Dekon 1 alarmiert.<\/p>\n<p align=\"left\">Bei gr\u00f6\u00dferen Lagen zwischen 5-15 Trupps wird nach Dekon 2 alarmiert.<\/p>\n<p align=\"left\">Bei allen Lagen &gt;15 Trupps f\u00e4hrt der gesamte Dekon-Zug zur Einsatzstelle.<\/p>\n<p align=\"left\">\n<p align=\"left\">Im einzelnen setzt sich diese Spezialeinheit aus Kollegen der Feuerwehren Gummersbach, Marienheide, Reichshof und Wipperf\u00fcrth zusammen. Teilweise sind die Fahrzeuge vom Bund, Kreis oder der eigenen Kommune gestellt.<\/p>\n<p align=\"left\">Auch \u00fcber die Kreisgrenze hinaus kann diese Einsatzkomponente angefordert werden.<\/p>\n<h4 align=\"left\">Aber was machen die Kollegen eigentlich?<\/h4>\n<p align=\"left\">Im Grunde putzen sie die eingesetzten Einsatzkr\u00e4fte, welche mit einer Chemiekalie in Ber\u00fchrung gekommen sind (Dekontamination). Das h\u00f6rt sich alles ganz einfach an, aber auf den folgenden Bildern kann man gut erkennen das es weit mehr als Putzen ist.<\/p>\n","protected":false},"excerpt":{"rendered":"<p>Die Einsatzkomponente Dekon setzt sich aus mehreren Einheiten aus dem kompletten Kreisgebiet zusammen. Im Einsatzfall fahren sie alle von ihren Standorten aus zur Einsatzstelle. Damit nicht eine Feuerwehr alleine diese personalintensive Sonderaufgabe stemmen muss, wurden die Aufgaben im Kreisgebiet verteilt.&hellip; <\/p>\n","protected":false},"author":3,"featured_media":0,"parent":0,"menu_order":0,"comment_status":"closed","ping_status":"closed","template":"","meta":{"footnotes":""},"class_list":["post-389","page","type-page","status-publish","hentry"],"_links":{"self":[{"href":"https:\/\/www.kreisfeuerwehrverband-oberberg.de\/index.php?rest_route=\/wp\/v2\/pages\/389","targetHints":{"allow":["GET"]}}],"collection":[{"href":"https:\/\/www.kreisfeuerwehrverband-oberberg.de\/index.php?rest_route=\/wp\/v2\/pages"}],"about":[{"href":"https:\/\/www.kreisfeuerwehrverband-oberberg.de\/index.php?rest_route=\/wp\/v2\/types\/page"}],"author":[{"embeddable":true,"href":"https:\/\/www.kreisfeuerwehrverband-oberberg.de\/index.php?rest_route=\/wp\/v2\/users\/3"}],"replies":[{"embeddable":true,"href":"https:\/\/www.kreisfeuerwehrverband-oberberg.de\/index.php?rest_route=%2Fwp%2Fv2%2Fcomments&post=389"}],"version-history":[{"count":8,"href":"https:\/\/www.kreisfeuerwehrverband-oberberg.de\/index.php?rest_route=\/wp\/v2\/pages\/389\/revisions"}],"predecessor-version":[{"id":969,"href":"https:\/\/www.kreisfeuerwehrverband-oberberg.de\/index.php?rest_route=\/wp\/v2\/pages\/389\/revisions\/969"}],"wp:attachment":[{"href":"https:\/\/www.kreisfeuerwehrverband-oberberg.de\/index.php?rest_route=%2Fwp%2Fv2%2Fmedia&parent=389"}],"curies":[{"name":"wp","href":"https:\/\/api.w.org\/{rel}","templated":true}]}}