{"id":421,"date":"2017-09-24T06:51:46","date_gmt":"2017-09-24T06:51:46","guid":{"rendered":"http:\/\/www.kreisfeuerwehrverband-oberberg.de\/?page_id=421"},"modified":"2023-08-22T06:37:25","modified_gmt":"2023-08-22T06:37:25","slug":"restplatzboerse","status":"publish","type":"page","link":"https:\/\/www.kreisfeuerwehrverband-oberberg.de\/?page_id=421","title":{"rendered":"Restplatzb\u00f6rse"},"content":{"rendered":"\n<p>In der Restplatzb\u00f6rse finden Sie die noch freien Pl\u00e4tze in den nachstehenden Veranstaltungen. Bei Interesse wenden Sie sich bitte \u00fcber den Dienstweg an Ihren Leiter der Feuerwehr. Die Nach-Anmeldung kann nur \u00fcber den Leiter der Feuerwehr erfolgen.<\/p>\n<p>Die Anmeldungen werden in der Reihenfolge ihres Eingangs ber\u00fccksichtigt. Private Anmeldungen oder Anmeldungen \u00fcber Facebook k\u00f6nnen nicht ber\u00fccksichtigt werden.<\/p>\n\t\n<table id=\"tablepress-1\" class=\"tablepress tablepress-id-1\">\n<thead>\n<tr class=\"row-1\">\n\t<th class=\"column-1\">Veranstaltung<\/th><th class=\"column-2\">Folge<\/th><th class=\"column-3\">Beschreibung<\/th><th class=\"column-4\">Freipl\u00e4tze<\/th><th class=\"column-5\">Anmeldung<\/th>\n<\/tr>\n<\/thead>\n<tbody class=\"row-striping row-hover\">\n<tr class=\"row-2\">\n\t<td class=\"column-1\"><\/td><td class=\"column-2\"><\/td><td class=\"column-3\"><\/td><td class=\"column-4\"><\/td><td class=\"column-5\"><\/td>\n<\/tr>\n<\/tbody>\n<\/table>\n\n","protected":false},"excerpt":{"rendered":"<p>In der Restplatzb\u00f6rse finden Sie die noch freien Pl\u00e4tze in den nachstehenden Veranstaltungen. Bei Interesse wenden Sie sich bitte \u00fcber den Dienstweg an Ihren Leiter der Feuerwehr. Die Nach-Anmeldung kann nur \u00fcber den Leiter der Feuerwehr erfolgen. Die Anmeldungen werden&hellip; <\/p>\n","protected":false},"author":3,"featured_media":0,"parent":0,"menu_order":0,"comment_status":"closed","ping_status":"closed","template":"","meta":{"footnotes":""},"class_list":["post-421","page","type-page","status-publish","hentry"],"_links":{"self":[{"href":"https:\/\/www.kreisfeuerwehrverband-oberberg.de\/index.php?rest_route=\/wp\/v2\/pages\/421","targetHints":{"allow":["GET"]}}],"collection":[{"href":"https:\/\/www.kreisfeuerwehrverband-oberberg.de\/index.php?rest_route=\/wp\/v2\/pages"}],"about":[{"href":"https:\/\/www.kreisfeuerwehrverband-oberberg.de\/index.php?rest_route=\/wp\/v2\/types\/page"}],"author":[{"embeddable":true,"href":"https:\/\/www.kreisfeuerwehrverband-oberberg.de\/index.php?rest_route=\/wp\/v2\/users\/3"}],"replies":[{"embeddable":true,"href":"https:\/\/www.kreisfeuerwehrverband-oberberg.de\/index.php?rest_route=%2Fwp%2Fv2%2Fcomments&post=421"}],"version-history":[{"count":7,"href":"https:\/\/www.kreisfeuerwehrverband-oberberg.de\/index.php?rest_route=\/wp\/v2\/pages\/421\/revisions"}],"predecessor-version":[{"id":2791,"href":"https:\/\/www.kreisfeuerwehrverband-oberberg.de\/index.php?rest_route=\/wp\/v2\/pages\/421\/revisions\/2791"}],"wp:attachment":[{"href":"https:\/\/www.kreisfeuerwehrverband-oberberg.de\/index.php?rest_route=%2Fwp%2Fv2%2Fmedia&parent=421"}],"curies":[{"name":"wp","href":"https:\/\/api.w.org\/{rel}","templated":true}]}}