{"id":478,"date":"2017-09-28T16:14:41","date_gmt":"2017-09-28T16:14:41","guid":{"rendered":"http:\/\/www.kreisfeuerwehrverband-oberberg.de\/?page_id=478"},"modified":"2017-09-28T16:44:25","modified_gmt":"2017-09-28T16:44:25","slug":"musikzuege","status":"publish","type":"page","link":"https:\/\/www.kreisfeuerwehrverband-oberberg.de\/?page_id=478","title":{"rendered":"Musikz\u00fcge"},"content":{"rendered":"<p>Seit jeher ist die Feuerwehr fest mit der Musik verbunden. Die Alarmierung der Einsatzkr\u00e4fte und weiterhin dann auch die Anfahrt zur Brandstelle waren seit Bestehen von Feuerwehreinheiten nur \u00fcber die &#8220;Signalmusik&#8221; m\u00f6glich. Signale wurden mit Signalpfeifen, Feuerwehrrufh\u00f6rnern, Blechblasinstrumenten oder Trommeln gegeben. Hieraus entwickelten sich sp\u00e4ter geordnete Musikgruppen der Feuerwehren, wie Musik-, Spielmanns- und Fanfarenz\u00fcge. Durch diese Konstellation der zwangsl\u00e4ufigen Zusammenarbeit von Einsatzgruppe und Musiker l\u00e4sst sich auch die sehr fr\u00fche Gr\u00fcndung von vielen Feuerwehrkapellen, Spielmanns- und Fanfarenz\u00fcgen erkl\u00e4ren.<\/p>\n","protected":false},"excerpt":{"rendered":"<p>Seit jeher ist die Feuerwehr fest mit der Musik verbunden. Die Alarmierung der Einsatzkr\u00e4fte und weiterhin dann auch die Anfahrt zur Brandstelle waren seit Bestehen von Feuerwehreinheiten nur \u00fcber die &#8220;Signalmusik&#8221; m\u00f6glich. Signale wurden mit Signalpfeifen, Feuerwehrrufh\u00f6rnern, Blechblasinstrumenten oder Trommeln&hellip; <\/p>\n","protected":false},"author":3,"featured_media":0,"parent":0,"menu_order":0,"comment_status":"closed","ping_status":"closed","template":"","meta":{"footnotes":""},"class_list":["post-478","page","type-page","status-publish","hentry"],"_links":{"self":[{"href":"https:\/\/www.kreisfeuerwehrverband-oberberg.de\/index.php?rest_route=\/wp\/v2\/pages\/478","targetHints":{"allow":["GET"]}}],"collection":[{"href":"https:\/\/www.kreisfeuerwehrverband-oberberg.de\/index.php?rest_route=\/wp\/v2\/pages"}],"about":[{"href":"https:\/\/www.kreisfeuerwehrverband-oberberg.de\/index.php?rest_route=\/wp\/v2\/types\/page"}],"author":[{"embeddable":true,"href":"https:\/\/www.kreisfeuerwehrverband-oberberg.de\/index.php?rest_route=\/wp\/v2\/users\/3"}],"replies":[{"embeddable":true,"href":"https:\/\/www.kreisfeuerwehrverband-oberberg.de\/index.php?rest_route=%2Fwp%2Fv2%2Fcomments&post=478"}],"version-history":[{"count":2,"href":"https:\/\/www.kreisfeuerwehrverband-oberberg.de\/index.php?rest_route=\/wp\/v2\/pages\/478\/revisions"}],"predecessor-version":[{"id":483,"href":"https:\/\/www.kreisfeuerwehrverband-oberberg.de\/index.php?rest_route=\/wp\/v2\/pages\/478\/revisions\/483"}],"wp:attachment":[{"href":"https:\/\/www.kreisfeuerwehrverband-oberberg.de\/index.php?rest_route=%2Fwp%2Fv2%2Fmedia&parent=478"}],"curies":[{"name":"wp","href":"https:\/\/api.w.org\/{rel}","templated":true}]}}