{"id":493,"date":"2017-10-01T05:34:45","date_gmt":"2017-10-01T05:34:45","guid":{"rendered":"http:\/\/www.kreisfeuerwehrverband-oberberg.de\/?page_id=493"},"modified":"2026-01-27T14:23:16","modified_gmt":"2026-01-27T14:23:16","slug":"mach-mit","status":"publish","type":"page","link":"https:\/\/www.kreisfeuerwehrverband-oberberg.de\/?page_id=493","title":{"rendered":"Mach mit!"},"content":{"rendered":"\n\n\t<p>Du bist auf der Suche nach einer neuen Aufgabe? Etwas, das\u00a0nicht nur dir selbst hilft, sondern auch deinen Mitmenschen? \u00dcber 130.000 Menschen in Nordrhein-Westfalen engagieren sich ehrenamtlich f\u00fcr die Freiwillige Feuerwehr. Ihr Einsatz ist wichtig &#8211; f\u00fcr dich, f\u00fcr alle.<br tabindex=\"-1\" \/>Feuerwehr ist mehr als Feuer l\u00f6schen. Feuerwehr ist Gemeinschaft, Hilfsbereitschaft, soziale Verantwortung. Auf unserer Seite bekommst du Informationen rund um die Freiwilligen Feuerwehren in Nordrhein-Westfalen. Wo du F\u00e4higkeiten erlernst und Freunde gewinnst, die dich ein Leben lang begleiten. Bei uns ist jeder willkommen!<\/p>\n\t<p>Weiter Informationen erh\u00e4ltst du bei dem Leiter deiner \u00f6rtlichen Feuerwehr<strong>&#8230;<a href=\"https:\/\/www.kreisfeuerwehrverband-oberberg.de\/?page_id=201\">erfahre hier mehr!<\/a><\/strong><\/p>\n\t\t\t\t\t\t\t\t\t\t\t\t<h2>Die Anforderungen&#8230;.<\/h2>\n\t\t\t<!-- END .front -->\n\t\t\t\t\t\t\t\t\t\t<h2>&#8230;das solltest du mitbringen.<\/h2>\n\t\t\t\t\t\t<p>Du musst mindestens 18 Jahre alt sein, eine Altersbegrenzung zur Aufnahme gibt es nichtTeamf\u00e4higkeitVerantwortungs- und Pflichtbewu\u00dftseinBereitschaft zur st\u00e4ndigen Aus- und FortbildungWohnort im Einsatzgebiet<\/p>\t\t\t\t\t\n\t\t\t<!-- END .back -->\n\t\t <!-- ifb-flip-box -->\n\t <!-- flip-box -->\n\t\t\t\t\t\t\t\t\t\t\t\t<h2>Wir bieten&#8230;<\/h2>\n\t\t\t<!-- END .front -->\n\t\t\t\t\t\t\t\t\t\t<h2>&#8230;das bieten wir Dir.<\/h2>\n\t\t\t\t\t\t<p>Ein kostenloses Hobby<br \/>Freundschaft &amp; Anerkennung<br \/>Kompetenz &amp; Know-How<br \/>Herausforderungen &amp; Erfolg<br \/>Teamwork<br \/>Jedes mal etwas Neues<\/p>\t\t\t\t\t\n\t\t\t<!-- END .back -->\n\t\t <!-- ifb-flip-box -->\n\t <!-- flip-box -->\n\t\t\t\t\t\t\t\t\t\t\t\t<h2>Die Aufgaben&#8230;.<\/h2>\n\t\t\t<!-- END .front -->\n\t\t\t\t\t\t\t\t\t\t<h2>&#8230; nicht nur Feuer l\u00f6schen!<\/h2>\n\t\t\t\t\t\t<p>Brandbek\u00e4mpfung<br \/>technische Hilfe<br \/>Rettung von Menschen aus Zwangs- und Notlagen jeglicher Art<br \/>Beseitigung von Sturm- und Wassersch\u00e4den<br \/>Umweltschutz (Rettung von Menschen im Gefahrstoffeinsatz, sowie Mitwirkung bei der Beseitigung von Umweltgefahren)<br \/>Tierrettung<br \/>Jedes mal etwas Neues<\/p>\t\t\t\t\t\n\t\t\t<!-- END .back -->\n\t\t <!-- ifb-flip-box -->\n\t <!-- flip-box -->\n\t<p><strong>Retten &#8211; L\u00f6schen &#8211; Bergen &#8211; Sch\u00fctzen&#8230;das ist unsere Aufgabe,dahinter verbirgt sich aber mehr als man denkt.<\/strong><\/p>\n<p>Von der RETTUNG bei Br\u00e4nden, Unwettern, Verkehrsunf\u00e4llen bis hin zur Rettung von eingebrochenen Personen aus vereisten Gew\u00e4ssern &#8211; die wichtigste Aufgabe der Feuerwehr ist die Rettung von Menschen und Tieren aus Zwangslagen. Br\u00e4nde L\u00d6SCHEN ist die ureigenste Aufgabe der Feuerwehren und auch heute noch ein Thema, wenn auch mit weitaus mehr L\u00f6schmitteln als Wasser. Ein weiterer vielschichtiger Schwerpunkt der Feuerwehren ist die Bergung von Sachwerten. Dabei ist beispielsweise an die Ladung verunfallter Fahrzeuge zu denken . Von Unwettern umgest\u00fcrzte B\u00e4ume und Strommasten geh\u00f6ren ebenso in diesen Bereich wie versenkte Fahrzeuge. Die Feuerwehr wird nicht nur aktiv bei abwehrenden Ma\u00dfnahmen wie dem HochwasserSCHUTZ, sie ist auch im vorbeugenden Bereich eingebunden und versucht im Vorfeld zu verhindern, dass Gefahren entstehen. Beispielsweise kl\u00e4rt sie Kinder \u00fcber den Umgang mit Feuer auf und h\u00e4lt Sicherheitswachen bei gro\u00dfen Veranstaltungen wie Konzerten.<\/p>\n\n","protected":false},"excerpt":{"rendered":"<p>Du bist auf der Suche nach einer neuen Aufgabe? Etwas, das\u00a0nicht nur dir selbst hilft, sondern auch deinen Mitmenschen? \u00dcber 130.000 Menschen in Nordrhein-Westfalen engagieren sich ehrenamtlich f\u00fcr die Freiwillige Feuerwehr. Ihr Einsatz ist wichtig &#8211; f\u00fcr dich, f\u00fcr alle.Feuerwehr&hellip; <\/p>\n","protected":false},"author":3,"featured_media":0,"parent":0,"menu_order":0,"comment_status":"closed","ping_status":"closed","template":"","meta":{"footnotes":""},"class_list":["post-493","page","type-page","status-publish","hentry"],"_links":{"self":[{"href":"https:\/\/www.kreisfeuerwehrverband-oberberg.de\/index.php?rest_route=\/wp\/v2\/pages\/493","targetHints":{"allow":["GET"]}}],"collection":[{"href":"https:\/\/www.kreisfeuerwehrverband-oberberg.de\/index.php?rest_route=\/wp\/v2\/pages"}],"about":[{"href":"https:\/\/www.kreisfeuerwehrverband-oberberg.de\/index.php?rest_route=\/wp\/v2\/types\/page"}],"author":[{"embeddable":true,"href":"https:\/\/www.kreisfeuerwehrverband-oberberg.de\/index.php?rest_route=\/wp\/v2\/users\/3"}],"replies":[{"embeddable":true,"href":"https:\/\/www.kreisfeuerwehrverband-oberberg.de\/index.php?rest_route=%2Fwp%2Fv2%2Fcomments&post=493"}],"version-history":[{"count":11,"href":"https:\/\/www.kreisfeuerwehrverband-oberberg.de\/index.php?rest_route=\/wp\/v2\/pages\/493\/revisions"}],"predecessor-version":[{"id":3209,"href":"https:\/\/www.kreisfeuerwehrverband-oberberg.de\/index.php?rest_route=\/wp\/v2\/pages\/493\/revisions\/3209"}],"wp:attachment":[{"href":"https:\/\/www.kreisfeuerwehrverband-oberberg.de\/index.php?rest_route=%2Fwp%2Fv2%2Fmedia&parent=493"}],"curies":[{"name":"wp","href":"https:\/\/api.w.org\/{rel}","templated":true}]}}